{"id":151,"date":"2023-11-08T16:45:31","date_gmt":"2023-11-08T16:45:31","guid":{"rendered":"https:\/\/solucionescomputacionales.com\/?page_id=151"},"modified":"2026-01-28T01:25:11","modified_gmt":"2026-01-28T01:25:11","slug":"somos","status":"publish","type":"page","link":"https:\/\/solucionescomputacionales.com\/?page_id=151","title":{"rendered":"Quienes Somos"},"content":{"rendered":"<p>[et_pb_section fb_built=\u00bb1&#8243; custom_padding_last_edited=\u00bbon|tablet\u00bb next_background_color=\u00bb#ffffff\u00bb admin_label=\u00bbHero\u00bb _builder_version=\u00bb4.22.2&#8243; use_background_color_gradient=\u00bbon\u00bb background_color_gradient_type=\u00bbcircular\u00bb background_color_gradient_direction_radial=\u00bbtop right\u00bb background_color_gradient_stops=\u00bbrgba(255,255,255,0) 20%|rgba(1,77,183,0.9) 100%\u00bb background_color_gradient_overlays_image=\u00bbon\u00bb background_color_gradient_start=\u00bbrgba(255,255,255,0)\u00bb background_color_gradient_start_position=\u00bb20%\u00bb background_color_gradient_end=\u00bbrgba(1,77,183,0.9)\u00bb background_image=\u00bbhttps:\/\/solucionescomputacionales.com\/wp-content\/uploads\/2023\/11\/somos.gif\u00bb custom_padding=\u00bb110px|0px|110px|0px|true|false\u00bb custom_padding_tablet=\u00bb50px||50px||true\u00bb custom_padding_phone=\u00bb|||\u00bb bottom_divider_style=\u00bbasymmetric\u00bb bottom_divider_height=\u00bb50px\u00bb bottom_divider_flip=\u00bbhorizontal\u00bb bottom_divider_height_tablet=\u00bb90px\u00bb bottom_divider_height_phone=\u00bb80px\u00bb hover_enabled=\u00bb0&#8243; global_colors_info=\u00bb{}\u00bb sticky_enabled=\u00bb0&#8243;][et_pb_row column_structure=\u00bb2_3,1_3&#8243; _builder_version=\u00bb4.16&#8243; custom_width_px=\u00bb1280px\u00bb global_colors_info=\u00bb{}\u00bb][et_pb_column type=\u00bb2_3&#8243; _builder_version=\u00bb4.16&#8243; custom_padding=\u00bb|||\u00bb global_colors_info=\u00bb{}\u00bb custom_padding__hover=\u00bb|||\u00bb][et_pb_text _builder_version=\u00bb4.27.2&#8243; text_font=\u00bbMontserrat||||||||\u00bb text_text_color=\u00bbrgba(255,255,255,0.7)\u00bb text_font_size=\u00bb20px\u00bb text_line_height=\u00bb1.8em\u00bb header_font=\u00bbMontserrat|700|||||||\u00bb header_font_size=\u00bb44px\u00bb header_line_height=\u00bb1.4em\u00bb header_6_font=\u00bbMontserrat|600||on|||||\u00bb header_6_text_color=\u00bbrgba(255,255,255,0.7)\u00bb header_6_font_size=\u00bb16px\u00bb header_6_letter_spacing=\u00bb2px\u00bb header_6_line_height=\u00bb1.5em\u00bb background_layout=\u00bbdark\u00bb max_width=\u00bb780px\u00bb custom_padding=\u00bb||0px|||\u00bb text_font_size_tablet=\u00bb\u00bb text_font_size_phone=\u00bb15px\u00bb text_font_size_last_edited=\u00bbon|phone\u00bb header_font_size_tablet=\u00bb\u00bb header_font_size_phone=\u00bb28px\u00bb header_font_size_last_edited=\u00bbon|phone\u00bb global_colors_info=\u00bb{}\u00bb]<\/p>\n<h6><\/h6>\n<h1>Qui\u00e9nes Somos<\/h1>\n<p>[\/et_pb_text][\/et_pb_column][et_pb_column type=\u00bb1_3&#8243; _builder_version=\u00bb4.16&#8243; custom_padding=\u00bb|||\u00bb global_colors_info=\u00bb{}\u00bb custom_padding__hover=\u00bb|||\u00bb][\/et_pb_column][\/et_pb_row][\/et_pb_section][et_pb_section fb_built=\u00bb1&#8243; admin_label=\u00bbTeam\u00bb _builder_version=\u00bb4.16&#8243; global_colors_info=\u00bb{}\u00bb][et_pb_row _builder_version=\u00bb4.27.2&#8243; global_colors_info=\u00bb{}\u00bb][et_pb_column type=\u00bb4_4&#8243; _builder_version=\u00bb4.27.2&#8243; custom_padding=\u00bb|||\u00bb global_colors_info=\u00bb{}\u00bb custom_padding__hover=\u00bb|||\u00bb][et_pb_number_counter title=\u00bbSomos una empresa mexicana establecida en esta Ciudad de Reynosa desde 1996, con 30 A\u00f1os de experiencia en el mercado, integrando soluciones tecnologicas y conformada por un equipo con a\u00f1os de trayectoria.\u00bb number=\u00bb30&#8243; percent_sign=\u00bboff\u00bb _builder_version=\u00bb4.27.2&#8243; _module_preset=\u00bbdefault\u00bb global_colors_info=\u00bb{}\u00bb][\/et_pb_number_counter][\/et_pb_column][\/et_pb_row][et_pb_row column_structure=\u00bb1_3,1_3,1_3&#8243; use_custom_gutter=\u00bbon\u00bb gutter_width=\u00bb2&#8243; admin_label=\u00bbFeatures\u00bb _builder_version=\u00bb4.16&#8243; custom_margin=\u00bb30px|||\u00bb custom_width_px=\u00bb1280px\u00bb locked=\u00bboff\u00bb global_colors_info=\u00bb{}\u00bb][et_pb_column type=\u00bb1_3&#8243; _builder_version=\u00bb4.16&#8243; custom_padding=\u00bb|||\u00bb global_colors_info=\u00bb{}\u00bb custom_padding__hover=\u00bb|||\u00bb][et_pb_blurb title=\u00bbMisi\u00f3n\u00bb use_icon=\u00bbon\u00bb font_icon=\u00bb&#xf080;||fa||400&#8243; icon_color=\u00bb#0C71C3&#8243; icon_placement=\u00bbleft\u00bb image_icon_width=\u00bb70px\u00bb content_max_width=\u00bb1100px\u00bb _builder_version=\u00bb4.27.2&#8243; header_font=\u00bbMontserrat|600|||||||\u00bb header_text_color=\u00bb#0C71C3&#8243; header_line_height=\u00bb1.5em\u00bb body_font=\u00bbMontserrat||||||||\u00bb body_line_height=\u00bb1.8em\u00bb background_layout=\u00bbdark\u00bb custom_margin=\u00bb||12px|\u00bb animation_style=\u00bbfold\u00bb animation_intensity_fold=\u00bb30%\u00bb image_max_width=\u00bb70px\u00bb global_colors_info=\u00bb{}\u00bb]<\/p>\n<p style=\"text-align: justify;\"><span style=\"color: #003366;\">Proporcionar una gran variedad de productos y servicios, los cuales est\u00e1n enfocados a satisfacer las necesidades m\u00e1s exigentes de nuestros clientes aprovechando al m\u00e1ximo los recursos computacionales.<\/span><\/p>\n<p>[\/et_pb_blurb][\/et_pb_column][et_pb_column type=\u00bb1_3&#8243; _builder_version=\u00bb4.16&#8243; custom_padding=\u00bb|||\u00bb global_colors_info=\u00bb{}\u00bb custom_padding__hover=\u00bb|||\u00bb][et_pb_blurb title=\u00bbVisi\u00f3n\u00bb use_icon=\u00bbon\u00bb font_icon=\u00bb&#xf06e;||fa||400&#8243; icon_color=\u00bb#0C71C3&#8243; icon_placement=\u00bbleft\u00bb image_icon_width=\u00bb70px\u00bb content_max_width=\u00bb1100px\u00bb _builder_version=\u00bb4.27.2&#8243; header_font=\u00bbMontserrat|600|||||||\u00bb header_text_color=\u00bb#0C71C3&#8243; header_line_height=\u00bb1.5em\u00bb body_font=\u00bbMontserrat||||||||\u00bb body_line_height=\u00bb1.8em\u00bb background_layout=\u00bbdark\u00bb custom_margin=\u00bb||12px|\u00bb animation_style=\u00bbfold\u00bb animation_delay=\u00bb150ms\u00bb animation_intensity_fold=\u00bb30%\u00bb image_max_width=\u00bb70px\u00bb global_colors_info=\u00bb{}\u00bb]<\/p>\n<p style=\"text-align: justify;\"><span style=\"color: #003366;\">Servir siempre con la obligaci\u00f3n de prevenir y eliminar a tiempo las posibles causas de error asi como tambien ofrecer precios competitivos logrando asi la excelencia.<\/span><\/p>\n<p>[\/et_pb_blurb][\/et_pb_column][et_pb_column type=\u00bb1_3&#8243; _builder_version=\u00bb4.16&#8243; custom_padding=\u00bb|||\u00bb global_colors_info=\u00bb{}\u00bb custom_padding__hover=\u00bb|||\u00bb][et_pb_blurb title=\u00bbValores\u00bb use_icon=\u00bbon\u00bb font_icon=\u00bb&#xf3a5;||fa||400&#8243; icon_color=\u00bb#0C71C3&#8243; icon_placement=\u00bbleft\u00bb image_icon_width=\u00bb70px\u00bb content_max_width=\u00bb1100px\u00bb _builder_version=\u00bb4.27.2&#8243; header_font=\u00bbMontserrat|600|||||||\u00bb header_text_color=\u00bb#0C71C3&#8243; header_line_height=\u00bb1.5em\u00bb body_font=\u00bbMontserrat||||||||\u00bb body_line_height=\u00bb1.8em\u00bb background_layout=\u00bbdark\u00bb custom_margin=\u00bb||12px|\u00bb custom_padding=\u00bb||0px|||\u00bb animation_style=\u00bbfold\u00bb animation_delay=\u00bb300ms\u00bb animation_intensity_fold=\u00bb30%\u00bb image_max_width=\u00bb70px\u00bb global_colors_info=\u00bb{}\u00bb]<\/p>\n<p style=\"text-align: justify;\"><span style=\"color: #003366;\">Trabajamos en equipo teniendo en cuenta los valores de la Honestidad, Responsabilidad, Disciplina, Respeto, Calidad, Confiabilidad, Integridad, Iniciativa y Lealtad.<\/span><\/p>\n<p>[\/et_pb_blurb][\/et_pb_column][\/et_pb_row][\/et_pb_section][et_pb_section fb_built=\u00bb1&#8243; custom_padding_last_edited=\u00bboff|desktop\u00bb prev_background_color=\u00bb#ffffff\u00bb admin_label=\u00bbFooter\u00bb _builder_version=\u00bb4.16&#8243; use_background_color_gradient=\u00bbon\u00bb background_color_gradient_type=\u00bbcircular\u00bb background_color_gradient_direction_radial=\u00bbtop right\u00bb background_color_gradient_stops=\u00bbrgba(1,77,183,0.5) 0%|rgba(255,255,255,0) 100%\u00bb background_color_gradient_overlays_image=\u00bbon\u00bb background_color_gradient_start=\u00bbrgba(1,77,183,0.5)\u00bb background_color_gradient_end=\u00bbrgba(255,255,255,0)\u00bb background_image=\u00bbhttps:\/\/solucionescomputacionales.com\/wp-content\/uploads\/2023\/11\/contacta-scaled.jpg\u00bb custom_padding=\u00bb100px||100px||true\u00bb top_divider_style=\u00bbasymmetric\u00bb top_divider_height=\u00bb50px\u00bb top_divider_flip=\u00bbvertical|horizontal\u00bb global_colors_info=\u00bb{}\u00bb][et_pb_row column_structure=\u00bb1_2,1_2&#8243; _builder_version=\u00bb4.22.2&#8243; global_colors_info=\u00bb{}\u00bb][et_pb_column type=\u00bb1_2&#8243; _builder_version=\u00bb4.16&#8243; custom_padding=\u00bb|||\u00bb global_colors_info=\u00bb{}\u00bb custom_padding__hover=\u00bb|||\u00bb][et_pb_blurb title=\u00bbTel\u00e9fono\u00bb use_icon=\u00bbon\u00bb font_icon=\u00bb&#xe090;||divi||400&#8243; icon_color=\u00bb#ffffff\u00bb image_icon_background_color=\u00bbrgba(1,77,183,0.9)\u00bb image_icon_width=\u00bb20px\u00bb _builder_version=\u00bb4.16&#8243; header_font=\u00bbMontserrat||||||||\u00bb header_font_size=\u00bb16px\u00bb header_line_height=\u00bb1.5em\u00bb body_font=\u00bbMontserrat||||||||\u00bb body_text_color=\u00bbrgba(1,77,183,0.9)\u00bb body_font_size=\u00bb16px\u00bb body_line_height=\u00bb1.5em\u00bb image_icon_custom_padding=\u00bb25px|25px|25px|25px|false|false\u00bb text_orientation=\u00bbcenter\u00bb background_layout=\u00bbdark\u00bb custom_margin=\u00bb|||\u00bb custom_padding=\u00bb|||\u00bb border_radii=\u00bbon|10px|10px|10px|10px\u00bb border_radii_image=\u00bbon|100%|100%|100%|100%\u00bb icon_font_size=\u00bb20px\u00bb use_circle=\u00bbon\u00bb circle_color=\u00bbrgba(1,77,183,0.9)\u00bb locked=\u00bboff\u00bb global_colors_info=\u00bb{}\u00bb image_icon_background_color__sticky_enabled=\u00bb#2ea3f2&#8243; image_icon_background_color__sticky=\u00bb#2ea3f2&#8243;]<\/p>\n<p>899 924-6045<\/p>\n<p>[\/et_pb_blurb][et_pb_blurb title=\u00bbDirecci\u00f3n\u00bb use_icon=\u00bbon\u00bb font_icon=\u00bb&#xe081;||divi||400&#8243; icon_color=\u00bb#ffffff\u00bb image_icon_background_color=\u00bbrgba(1,77,183,0.9)\u00bb image_icon_width=\u00bb20px\u00bb _builder_version=\u00bb4.16&#8243; header_font=\u00bbMontserrat||||||||\u00bb header_font_size=\u00bb16px\u00bb header_line_height=\u00bb1.5em\u00bb body_font=\u00bbMontserrat||||||||\u00bb body_text_color=\u00bbrgba(1,77,183,0.9)\u00bb body_font_size=\u00bb16px\u00bb body_line_height=\u00bb1.5em\u00bb image_icon_custom_padding=\u00bb25px|25px|25px|25px|false|false\u00bb text_orientation=\u00bbcenter\u00bb background_layout=\u00bbdark\u00bb custom_margin=\u00bb|||\u00bb custom_padding=\u00bb|||\u00bb border_radii=\u00bbon|10px|10px|10px|10px\u00bb border_radii_image=\u00bbon|100%|100%|100%|100%\u00bb icon_font_size=\u00bb20px\u00bb use_circle=\u00bbon\u00bb circle_color=\u00bbrgba(1,77,183,0.9)\u00bb locked=\u00bboff\u00bb global_colors_info=\u00bb{}\u00bb image_icon_background_color__sticky_enabled=\u00bb#2ea3f2&#8243; image_icon_background_color__sticky=\u00bb#2ea3f2&#8243;]<\/p>\n<p>Agustin Melgar 121, Col. Vicente Guerrero. Cd. Reynosa, Tam.<\/p>\n<p>[\/et_pb_blurb][\/et_pb_column][et_pb_column type=\u00bb1_2&#8243; _builder_version=\u00bb4.16&#8243; custom_padding=\u00bb|||\u00bb global_colors_info=\u00bb{}\u00bb custom_padding__hover=\u00bb|||\u00bb][et_pb_blurb title=\u00bbCorreo Electr\u00f3nico\u00bb use_icon=\u00bbon\u00bb font_icon=\u00bb&#xe076;||divi||400&#8243; icon_color=\u00bb#ffffff\u00bb image_icon_background_color=\u00bbrgba(1,77,183,0.9)\u00bb image_icon_width=\u00bb20px\u00bb _builder_version=\u00bb4.16&#8243; header_font=\u00bbMontserrat||||||||\u00bb header_font_size=\u00bb16px\u00bb header_line_height=\u00bb1.5em\u00bb body_font=\u00bbMontserrat||||||||\u00bb body_text_color=\u00bbrgba(1,77,183,0.9)\u00bb body_font_size=\u00bb16px\u00bb body_line_height=\u00bb1.5em\u00bb image_icon_custom_padding=\u00bb25px|25px|25px|25px|false|false\u00bb text_orientation=\u00bbcenter\u00bb background_layout=\u00bbdark\u00bb custom_margin=\u00bb|||\u00bb custom_padding=\u00bb|||\u00bb border_radii=\u00bbon|10px|10px|10px|10px\u00bb border_radii_image=\u00bbon|100%|100%|100%|100%\u00bb icon_font_size=\u00bb20px\u00bb use_circle=\u00bbon\u00bb circle_color=\u00bbrgba(1,77,183,0.9)\u00bb locked=\u00bboff\u00bb global_colors_info=\u00bb{}\u00bb image_icon_background_color__sticky_enabled=\u00bb#2ea3f2&#8243; image_icon_background_color__sticky=\u00bb#2ea3f2&#8243;]<\/p>\n<p>ventas@solucionescomputacionales.com<\/p>\n<p>[\/et_pb_blurb][et_pb_blurb title=\u00bbHorario\u00bb use_icon=\u00bbon\u00bb font_icon=\u00bb&#xe06b;||divi||400&#8243; icon_color=\u00bb#ffffff\u00bb image_icon_background_color=\u00bbrgba(1,77,183,0.9)\u00bb image_icon_width=\u00bb20px\u00bb _builder_version=\u00bb4.16&#8243; header_font=\u00bbMontserrat||||||||\u00bb header_font_size=\u00bb16px\u00bb header_line_height=\u00bb1.5em\u00bb body_font=\u00bbMontserrat||||||||\u00bb body_text_color=\u00bbrgba(1,77,183,0.9)\u00bb body_font_size=\u00bb16px\u00bb body_line_height=\u00bb1.5em\u00bb image_icon_custom_padding=\u00bb25px|25px|25px|25px|false|false\u00bb text_orientation=\u00bbcenter\u00bb background_layout=\u00bbdark\u00bb custom_margin=\u00bb|||\u00bb custom_padding=\u00bb|||\u00bb border_radii=\u00bbon|10px|10px|10px|10px\u00bb border_radii_image=\u00bbon|100%|100%|100%|100%\u00bb icon_font_size=\u00bb20px\u00bb use_circle=\u00bbon\u00bb circle_color=\u00bbrgba(1,77,183,0.9)\u00bb locked=\u00bboff\u00bb global_colors_info=\u00bb{}\u00bb image_icon_background_color__sticky_enabled=\u00bb#2ea3f2&#8243; image_icon_background_color__sticky=\u00bb#2ea3f2&#8243;]<\/p>\n<p>L-V: 8am &#8211; 5pm<\/p>\n<p>[\/et_pb_blurb][\/et_pb_column][\/et_pb_row][\/et_pb_section]<\/p>\n","protected":false},"excerpt":{"rendered":"<p>Qui\u00e9nes SomosProporcionar una gran variedad de productos y servicios, los cuales est\u00e1n enfocados a satisfacer las necesidades m\u00e1s exigentes de nuestros clientes aprovechando al m\u00e1ximo los recursos computacionales.Servir siempre con la obligaci\u00f3n de prevenir y eliminar a tiempo las posibles causas de error asi como tambien ofrecer precios competitivos logrando asi la excelencia.Trabajamos en equipo [&hellip;]<\/p>\n","protected":false},"author":1,"featured_media":0,"parent":0,"menu_order":0,"comment_status":"closed","ping_status":"closed","template":"","meta":{"_et_pb_use_builder":"on","_et_pb_old_content":"","_et_gb_content_width":"","footnotes":""},"class_list":["post-151","page","type-page","status-publish","hentry"],"_links":{"self":[{"href":"https:\/\/solucionescomputacionales.com\/index.php?rest_route=\/wp\/v2\/pages\/151","targetHints":{"allow":["GET"]}}],"collection":[{"href":"https:\/\/solucionescomputacionales.com\/index.php?rest_route=\/wp\/v2\/pages"}],"about":[{"href":"https:\/\/solucionescomputacionales.com\/index.php?rest_route=\/wp\/v2\/types\/page"}],"author":[{"embeddable":true,"href":"https:\/\/solucionescomputacionales.com\/index.php?rest_route=\/wp\/v2\/users\/1"}],"replies":[{"embeddable":true,"href":"https:\/\/solucionescomputacionales.com\/index.php?rest_route=%2Fwp%2Fv2%2Fcomments&post=151"}],"version-history":[{"count":25,"href":"https:\/\/solucionescomputacionales.com\/index.php?rest_route=\/wp\/v2\/pages\/151\/revisions"}],"predecessor-version":[{"id":466,"href":"https:\/\/solucionescomputacionales.com\/index.php?rest_route=\/wp\/v2\/pages\/151\/revisions\/466"}],"wp:attachment":[{"href":"https:\/\/solucionescomputacionales.com\/index.php?rest_route=%2Fwp%2Fv2%2Fmedia&parent=151"}],"curies":[{"name":"wp","href":"https:\/\/api.w.org\/{rel}","templated":true}]}}