{"id":389,"date":"2026-01-23T20:08:08","date_gmt":"2026-01-23T20:08:08","guid":{"rendered":"https:\/\/solucionescomputacionales.com\/?post_type=product&#038;p=389"},"modified":"2026-01-23T20:20:55","modified_gmt":"2026-01-23T20:20:55","slug":"contpaqi-xml-en-linea","status":"publish","type":"product","link":"https:\/\/solucionescomputacionales.com\/?product=contpaqi-xml-en-linea","title":{"rendered":"CONTPAQi Xml en L\u00ednea"},"content":{"rendered":"<p>CONTPAQi XML en l\u00ednea+\u00ae: La forma m\u00e1s r\u00e1pida de gestionar tus CFDI.<br \/>Gestiona tus CFDI emitidos y recibidos autom\u00e1ticamente. Rapidez, orden y cumplimiento fiscal en un solo lugar.<\/p>\n","protected":false},"excerpt":{"rendered":"<p>CONTPAQi XML en l\u00ednea+\u00ae: La forma m\u00e1s r\u00e1pida de gestionar tus CFDI.Gestiona tus CFDI emitidos y recibidos autom\u00e1ticamente. Rapidez, orden y cumplimiento fiscal en un solo lugar.<\/p>\n","protected":false},"featured_media":390,"comment_status":"closed","ping_status":"closed","template":"","meta":{"_et_pb_use_builder":"","_et_pb_old_content":"","_et_gb_content_width":""},"product_brand":[],"product_cat":[24],"product_tag":[],"class_list":{"0":"post-389","1":"product","2":"type-product","3":"status-publish","4":"has-post-thumbnail","6":"product_cat-software","8":"first","9":"instock","10":"shipping-taxable","11":"product-type-simple"},"_links":{"self":[{"href":"https:\/\/solucionescomputacionales.com\/index.php?rest_route=\/wp\/v2\/product\/389","targetHints":{"allow":["GET"]}}],"collection":[{"href":"https:\/\/solucionescomputacionales.com\/index.php?rest_route=\/wp\/v2\/product"}],"about":[{"href":"https:\/\/solucionescomputacionales.com\/index.php?rest_route=\/wp\/v2\/types\/product"}],"replies":[{"embeddable":true,"href":"https:\/\/solucionescomputacionales.com\/index.php?rest_route=%2Fwp%2Fv2%2Fcomments&post=389"}],"wp:featuredmedia":[{"embeddable":true,"href":"https:\/\/solucionescomputacionales.com\/index.php?rest_route=\/wp\/v2\/media\/390"}],"wp:attachment":[{"href":"https:\/\/solucionescomputacionales.com\/index.php?rest_route=%2Fwp%2Fv2%2Fmedia&parent=389"}],"wp:term":[{"taxonomy":"product_brand","embeddable":true,"href":"https:\/\/solucionescomputacionales.com\/index.php?rest_route=%2Fwp%2Fv2%2Fproduct_brand&post=389"},{"taxonomy":"product_cat","embeddable":true,"href":"https:\/\/solucionescomputacionales.com\/index.php?rest_route=%2Fwp%2Fv2%2Fproduct_cat&post=389"},{"taxonomy":"product_tag","embeddable":true,"href":"https:\/\/solucionescomputacionales.com\/index.php?rest_route=%2Fwp%2Fv2%2Fproduct_tag&post=389"}],"curies":[{"name":"wp","href":"https:\/\/api.w.org\/{rel}","templated":true}]}}