{"id":393,"date":"2026-01-23T20:14:01","date_gmt":"2026-01-23T20:14:01","guid":{"rendered":"https:\/\/solucionescomputacionales.com\/?post_type=product&#038;p=393"},"modified":"2026-01-23T20:20:39","modified_gmt":"2026-01-23T20:20:39","slug":"contpaqi-comercial-premium","status":"publish","type":"product","link":"https:\/\/solucionescomputacionales.com\/?product=contpaqi-comercial-premium","title":{"rendered":"CONTPAQi Comercial Premium"},"content":{"rendered":"<p>Impulsa tu negocio hacia el futuro con el software de inventarios y ventas l\u00edder en el mercado.<br \/>CONTPAQi Comercial Premium\u00ae\u00a0es la soluci\u00f3n integral que te permite gestionar de manera inteligente cada aspecto de tu operaci\u00f3n, desde el inventario hasta la facturaci\u00f3n electr\u00f3nica, para que puedas enfocarte en lo que realmente importa: hacer crecer tu negocio.<\/p>\n","protected":false},"excerpt":{"rendered":"<p>Impulsa tu negocio hacia el futuro con el software de inventarios y ventas l\u00edder en el mercado.CONTPAQi Comercial Premium\u00ae\u00a0es la soluci\u00f3n integral que te permite gestionar de manera inteligente cada aspecto de tu operaci\u00f3n, desde el inventario hasta la facturaci\u00f3n electr\u00f3nica, para que puedas enfocarte en lo que realmente importa: hacer crecer tu negocio.<\/p>\n","protected":false},"featured_media":394,"comment_status":"closed","ping_status":"closed","template":"","meta":{"_et_pb_use_builder":"","_et_pb_old_content":"","_et_gb_content_width":""},"product_brand":[],"product_cat":[24],"product_tag":[],"class_list":{"0":"post-393","1":"product","2":"type-product","3":"status-publish","4":"has-post-thumbnail","6":"product_cat-software","8":"first","9":"instock","10":"shipping-taxable","11":"product-type-simple"},"_links":{"self":[{"href":"https:\/\/solucionescomputacionales.com\/index.php?rest_route=\/wp\/v2\/product\/393","targetHints":{"allow":["GET"]}}],"collection":[{"href":"https:\/\/solucionescomputacionales.com\/index.php?rest_route=\/wp\/v2\/product"}],"about":[{"href":"https:\/\/solucionescomputacionales.com\/index.php?rest_route=\/wp\/v2\/types\/product"}],"replies":[{"embeddable":true,"href":"https:\/\/solucionescomputacionales.com\/index.php?rest_route=%2Fwp%2Fv2%2Fcomments&post=393"}],"wp:featuredmedia":[{"embeddable":true,"href":"https:\/\/solucionescomputacionales.com\/index.php?rest_route=\/wp\/v2\/media\/394"}],"wp:attachment":[{"href":"https:\/\/solucionescomputacionales.com\/index.php?rest_route=%2Fwp%2Fv2%2Fmedia&parent=393"}],"wp:term":[{"taxonomy":"product_brand","embeddable":true,"href":"https:\/\/solucionescomputacionales.com\/index.php?rest_route=%2Fwp%2Fv2%2Fproduct_brand&post=393"},{"taxonomy":"product_cat","embeddable":true,"href":"https:\/\/solucionescomputacionales.com\/index.php?rest_route=%2Fwp%2Fv2%2Fproduct_cat&post=393"},{"taxonomy":"product_tag","embeddable":true,"href":"https:\/\/solucionescomputacionales.com\/index.php?rest_route=%2Fwp%2Fv2%2Fproduct_tag&post=393"}],"curies":[{"name":"wp","href":"https:\/\/api.w.org\/{rel}","templated":true}]}}