{"id":395,"date":"2026-01-23T20:15:21","date_gmt":"2026-01-23T20:15:21","guid":{"rendered":"https:\/\/solucionescomputacionales.com\/?post_type=product&#038;p=395"},"modified":"2026-01-23T20:20:30","modified_gmt":"2026-01-23T20:20:30","slug":"contpaqi-factura-electronica","status":"publish","type":"product","link":"https:\/\/solucionescomputacionales.com\/?product=contpaqi-factura-electronica","title":{"rendered":"CONTPAQi Factura Electr\u00f3nica"},"content":{"rendered":"<p>Tu software ideal para\u00a0emitir y gestionar tus facturas electr\u00f3nicas de tu negocio. <br \/>Nuestra soluci\u00f3n integral dise\u00f1ada para\u00a0<strong>microempresas, negocios y emprendedores.<\/strong><\/p>\n","protected":false},"excerpt":{"rendered":"<p>Tu software ideal para\u00a0emitir y gestionar tus facturas electr\u00f3nicas de tu negocio. Nuestra soluci\u00f3n integral dise\u00f1ada para\u00a0microempresas, negocios y emprendedores.<\/p>\n","protected":false},"featured_media":396,"comment_status":"closed","ping_status":"closed","template":"","meta":{"_et_pb_use_builder":"","_et_pb_old_content":"","_et_gb_content_width":""},"product_brand":[],"product_cat":[24],"product_tag":[],"class_list":{"0":"post-395","1":"product","2":"type-product","3":"status-publish","4":"has-post-thumbnail","6":"product_cat-software","8":"first","9":"instock","10":"shipping-taxable","11":"product-type-simple"},"_links":{"self":[{"href":"https:\/\/solucionescomputacionales.com\/index.php?rest_route=\/wp\/v2\/product\/395","targetHints":{"allow":["GET"]}}],"collection":[{"href":"https:\/\/solucionescomputacionales.com\/index.php?rest_route=\/wp\/v2\/product"}],"about":[{"href":"https:\/\/solucionescomputacionales.com\/index.php?rest_route=\/wp\/v2\/types\/product"}],"replies":[{"embeddable":true,"href":"https:\/\/solucionescomputacionales.com\/index.php?rest_route=%2Fwp%2Fv2%2Fcomments&post=395"}],"wp:featuredmedia":[{"embeddable":true,"href":"https:\/\/solucionescomputacionales.com\/index.php?rest_route=\/wp\/v2\/media\/396"}],"wp:attachment":[{"href":"https:\/\/solucionescomputacionales.com\/index.php?rest_route=%2Fwp%2Fv2%2Fmedia&parent=395"}],"wp:term":[{"taxonomy":"product_brand","embeddable":true,"href":"https:\/\/solucionescomputacionales.com\/index.php?rest_route=%2Fwp%2Fv2%2Fproduct_brand&post=395"},{"taxonomy":"product_cat","embeddable":true,"href":"https:\/\/solucionescomputacionales.com\/index.php?rest_route=%2Fwp%2Fv2%2Fproduct_cat&post=395"},{"taxonomy":"product_tag","embeddable":true,"href":"https:\/\/solucionescomputacionales.com\/index.php?rest_route=%2Fwp%2Fv2%2Fproduct_tag&post=395"}],"curies":[{"name":"wp","href":"https:\/\/api.w.org\/{rel}","templated":true}]}}